{"id":74,"date":"2022-10-28T18:52:25","date_gmt":"2022-10-28T18:52:25","guid":{"rendered":"https:\/\/www.privatkollar.sk\/?page_id=74"},"modified":"2022-10-28T19:11:24","modified_gmt":"2022-10-28T19:11:24","slug":"fotky","status":"publish","type":"page","link":"https:\/\/www.privatkollar.sk\/?page_id=74","title":{"rendered":"Fotky"},"content":{"rendered":"\n<h3>Exteri\u00e9r<\/h3>\n\n\n\n<div class=\"wp-container-3 wp-block-columns\">\n<div class=\"wp-container-1 wp-block-column\">\n<figure class=\"wp-block-image size-large\"><img loading=\"lazy\" width=\"1024\" height=\"768\" src=\"https:\/\/www.privatkollar.sk\/wp-content\/uploads\/2022\/10\/kollar_vonku_1-1024x768.jpg\" alt=\"\" class=\"wp-image-82\" srcset=\"https:\/\/www.privatkollar.sk\/wp-content\/uploads\/2022\/10\/kollar_vonku_1-1024x768.jpg 1024w, https:\/\/www.privatkollar.sk\/wp-content\/uploads\/2022\/10\/kollar_vonku_1-300x225.jpg 300w, https:\/\/www.privatkollar.sk\/wp-content\/uploads\/2022\/10\/kollar_vonku_1-768x576.jpg 768w, https:\/\/www.privatkollar.sk\/wp-content\/uploads\/2022\/10\/kollar_vonku_1-1536x1152.jpg 1536w, https:\/\/www.privatkollar.sk\/wp-content\/uploads\/2022\/10\/kollar_vonku_1.jpg 1992w\" sizes=\"(max-width: 1024px) 100vw, 1024px\" \/><\/figure>\n<\/div>\n\n\n\n<div class=\"wp-container-2 wp-block-column\">\n<figure class=\"wp-block-image size-large\"><img loading=\"lazy\" width=\"1024\" height=\"768\" src=\"https:\/\/www.privatkollar.sk\/wp-content\/uploads\/2022\/10\/kollar_vonku_2-1024x768.jpg\" alt=\"\" class=\"wp-image-83\" srcset=\"https:\/\/www.privatkollar.sk\/wp-content\/uploads\/2022\/10\/kollar_vonku_2-1024x768.jpg 1024w, https:\/\/www.privatkollar.sk\/wp-content\/uploads\/2022\/10\/kollar_vonku_2-300x225.jpg 300w, https:\/\/www.privatkollar.sk\/wp-content\/uploads\/2022\/10\/kollar_vonku_2-768x576.jpg 768w, https:\/\/www.privatkollar.sk\/wp-content\/uploads\/2022\/10\/kollar_vonku_2-1536x1152.jpg 1536w, https:\/\/www.privatkollar.sk\/wp-content\/uploads\/2022\/10\/kollar_vonku_2-2048x1536.jpg 2048w\" sizes=\"(max-width: 1024px) 100vw, 1024px\" \/><\/figure>\n<\/div>\n<\/div>\n\n\n\n<h3>Izby<\/h3>\n\n\n\n<div class=\"wp-container-6 wp-block-columns\">\n<div class=\"wp-container-4 wp-block-column\">\n<figure class=\"wp-block-image size-large\"><img loading=\"lazy\" width=\"1024\" height=\"768\" src=\"https:\/\/www.privatkollar.sk\/wp-content\/uploads\/2022\/10\/kollar_izba_2-1024x768.jpg\" alt=\"\" class=\"wp-image-77\" srcset=\"https:\/\/www.privatkollar.sk\/wp-content\/uploads\/2022\/10\/kollar_izba_2-1024x768.jpg 1024w, https:\/\/www.privatkollar.sk\/wp-content\/uploads\/2022\/10\/kollar_izba_2-300x225.jpg 300w, https:\/\/www.privatkollar.sk\/wp-content\/uploads\/2022\/10\/kollar_izba_2-768x576.jpg 768w, https:\/\/www.privatkollar.sk\/wp-content\/uploads\/2022\/10\/kollar_izba_2-1536x1152.jpg 1536w, https:\/\/www.privatkollar.sk\/wp-content\/uploads\/2022\/10\/kollar_izba_2-2048x1536.jpg 2048w\" sizes=\"(max-width: 1024px) 100vw, 1024px\" \/><\/figure>\n<\/div>\n\n\n\n<div class=\"wp-container-5 wp-block-column\">\n<figure class=\"wp-block-image size-large\"><img loading=\"lazy\" width=\"1024\" height=\"768\" src=\"https:\/\/www.privatkollar.sk\/wp-content\/uploads\/2022\/10\/kollar_izba_1-1-1024x768.jpg\" alt=\"\" class=\"wp-image-88\" srcset=\"https:\/\/www.privatkollar.sk\/wp-content\/uploads\/2022\/10\/kollar_izba_1-1-1024x768.jpg 1024w, https:\/\/www.privatkollar.sk\/wp-content\/uploads\/2022\/10\/kollar_izba_1-1-300x225.jpg 300w, https:\/\/www.privatkollar.sk\/wp-content\/uploads\/2022\/10\/kollar_izba_1-1-768x576.jpg 768w, https:\/\/www.privatkollar.sk\/wp-content\/uploads\/2022\/10\/kollar_izba_1-1-1536x1152.jpg 1536w, https:\/\/www.privatkollar.sk\/wp-content\/uploads\/2022\/10\/kollar_izba_1-1-2048x1536.jpg 2048w\" sizes=\"(max-width: 1024px) 100vw, 1024px\" \/><\/figure>\n<\/div>\n<\/div>\n\n\n\n<div class=\"wp-container-9 wp-block-columns\">\n<div class=\"wp-container-7 wp-block-column\">\n<figure class=\"wp-block-image size-large\"><img loading=\"lazy\" width=\"1024\" height=\"768\" src=\"https:\/\/www.privatkollar.sk\/wp-content\/uploads\/2022\/10\/kollar_chodba-1024x768.jpg\" alt=\"\" class=\"wp-image-75\" srcset=\"https:\/\/www.privatkollar.sk\/wp-content\/uploads\/2022\/10\/kollar_chodba-1024x768.jpg 1024w, https:\/\/www.privatkollar.sk\/wp-content\/uploads\/2022\/10\/kollar_chodba-300x225.jpg 300w, https:\/\/www.privatkollar.sk\/wp-content\/uploads\/2022\/10\/kollar_chodba-768x576.jpg 768w, https:\/\/www.privatkollar.sk\/wp-content\/uploads\/2022\/10\/kollar_chodba-1536x1152.jpg 1536w, https:\/\/www.privatkollar.sk\/wp-content\/uploads\/2022\/10\/kollar_chodba-2048x1536.jpg 2048w\" sizes=\"(max-width: 1024px) 100vw, 1024px\" \/><\/figure>\n<\/div>\n\n\n\n<div class=\"wp-container-8 wp-block-column\">\n<figure class=\"wp-block-image size-large\"><img loading=\"lazy\" width=\"1024\" height=\"768\" src=\"https:\/\/www.privatkollar.sk\/wp-content\/uploads\/2022\/10\/kollar_izba_4-1024x768.jpg\" alt=\"\" class=\"wp-image-79\" srcset=\"https:\/\/www.privatkollar.sk\/wp-content\/uploads\/2022\/10\/kollar_izba_4-1024x768.jpg 1024w, https:\/\/www.privatkollar.sk\/wp-content\/uploads\/2022\/10\/kollar_izba_4-300x225.jpg 300w, https:\/\/www.privatkollar.sk\/wp-content\/uploads\/2022\/10\/kollar_izba_4-768x576.jpg 768w, https:\/\/www.privatkollar.sk\/wp-content\/uploads\/2022\/10\/kollar_izba_4-1536x1152.jpg 1536w, https:\/\/www.privatkollar.sk\/wp-content\/uploads\/2022\/10\/kollar_izba_4-2048x1536.jpg 2048w\" sizes=\"(max-width: 1024px) 100vw, 1024px\" \/><\/figure>\n<\/div>\n<\/div>\n\n\n\n<div class=\"wp-container-12 wp-block-columns\">\n<div class=\"wp-container-10 wp-block-column\">\n<figure class=\"wp-block-image size-large\"><img loading=\"lazy\" width=\"1024\" height=\"768\" src=\"https:\/\/www.privatkollar.sk\/wp-content\/uploads\/2022\/10\/kollar_kupelna-1024x768.jpg\" alt=\"\" class=\"wp-image-80\" srcset=\"https:\/\/www.privatkollar.sk\/wp-content\/uploads\/2022\/10\/kollar_kupelna-1024x768.jpg 1024w, https:\/\/www.privatkollar.sk\/wp-content\/uploads\/2022\/10\/kollar_kupelna-300x225.jpg 300w, https:\/\/www.privatkollar.sk\/wp-content\/uploads\/2022\/10\/kollar_kupelna-768x576.jpg 768w, https:\/\/www.privatkollar.sk\/wp-content\/uploads\/2022\/10\/kollar_kupelna-1536x1152.jpg 1536w, https:\/\/www.privatkollar.sk\/wp-content\/uploads\/2022\/10\/kollar_kupelna-2048x1536.jpg 2048w\" sizes=\"(max-width: 1024px) 100vw, 1024px\" \/><\/figure>\n<\/div>\n\n\n\n<div class=\"wp-container-11 wp-block-column\"><\/div>\n<\/div>\n\n\n\n<h3>Spolo\u010densk\u00e1 miestnos\u0165 a kuchy\u0148a<\/h3>\n\n\n\n<div class=\"wp-container-15 wp-block-columns\">\n<div class=\"wp-container-13 wp-block-column\">\n<figure class=\"wp-block-image size-large\"><img loading=\"lazy\" width=\"1024\" height=\"768\" src=\"https:\/\/www.privatkollar.sk\/wp-content\/uploads\/2022\/10\/kollar_obyvacka_1-1024x768.jpg\" alt=\"\" class=\"wp-image-97\" srcset=\"https:\/\/www.privatkollar.sk\/wp-content\/uploads\/2022\/10\/kollar_obyvacka_1-1024x768.jpg 1024w, https:\/\/www.privatkollar.sk\/wp-content\/uploads\/2022\/10\/kollar_obyvacka_1-300x225.jpg 300w, https:\/\/www.privatkollar.sk\/wp-content\/uploads\/2022\/10\/kollar_obyvacka_1-768x576.jpg 768w, https:\/\/www.privatkollar.sk\/wp-content\/uploads\/2022\/10\/kollar_obyvacka_1-1536x1152.jpg 1536w, https:\/\/www.privatkollar.sk\/wp-content\/uploads\/2022\/10\/kollar_obyvacka_1-2048x1536.jpg 2048w\" sizes=\"(max-width: 1024px) 100vw, 1024px\" \/><\/figure>\n<\/div>\n\n\n\n<div class=\"wp-container-14 wp-block-column\">\n<figure class=\"wp-block-image size-large\"><img loading=\"lazy\" width=\"1024\" height=\"768\" src=\"https:\/\/www.privatkollar.sk\/wp-content\/uploads\/2022\/10\/kollar_obyvacka_2-1024x768.jpg\" alt=\"\" class=\"wp-image-96\" srcset=\"https:\/\/www.privatkollar.sk\/wp-content\/uploads\/2022\/10\/kollar_obyvacka_2-1024x768.jpg 1024w, https:\/\/www.privatkollar.sk\/wp-content\/uploads\/2022\/10\/kollar_obyvacka_2-300x225.jpg 300w, https:\/\/www.privatkollar.sk\/wp-content\/uploads\/2022\/10\/kollar_obyvacka_2-768x576.jpg 768w, https:\/\/www.privatkollar.sk\/wp-content\/uploads\/2022\/10\/kollar_obyvacka_2-1536x1152.jpg 1536w, https:\/\/www.privatkollar.sk\/wp-content\/uploads\/2022\/10\/kollar_obyvacka_2-2048x1536.jpg 2048w\" sizes=\"(max-width: 1024px) 100vw, 1024px\" \/><\/figure>\n<\/div>\n<\/div>\n\n\n\n<div class=\"wp-container-18 wp-block-columns\">\n<div class=\"wp-container-16 wp-block-column\">\n<figure class=\"wp-block-image size-large\"><img loading=\"lazy\" width=\"1024\" height=\"768\" src=\"https:\/\/www.privatkollar.sk\/wp-content\/uploads\/2022\/10\/kollar_kuchyna_2-1024x768.jpg\" alt=\"\" class=\"wp-image-93\" srcset=\"https:\/\/www.privatkollar.sk\/wp-content\/uploads\/2022\/10\/kollar_kuchyna_2-1024x768.jpg 1024w, https:\/\/www.privatkollar.sk\/wp-content\/uploads\/2022\/10\/kollar_kuchyna_2-300x225.jpg 300w, https:\/\/www.privatkollar.sk\/wp-content\/uploads\/2022\/10\/kollar_kuchyna_2-768x576.jpg 768w, https:\/\/www.privatkollar.sk\/wp-content\/uploads\/2022\/10\/kollar_kuchyna_2-1536x1152.jpg 1536w, https:\/\/www.privatkollar.sk\/wp-content\/uploads\/2022\/10\/kollar_kuchyna_2-2048x1536.jpg 2048w\" sizes=\"(max-width: 1024px) 100vw, 1024px\" \/><\/figure>\n<\/div>\n\n\n\n<div class=\"wp-container-17 wp-block-column\">\n<figure class=\"wp-block-image size-large\"><img loading=\"lazy\" width=\"1024\" height=\"768\" src=\"https:\/\/www.privatkollar.sk\/wp-content\/uploads\/2022\/10\/kollar_kuchyna_1-1024x768.jpg\" alt=\"\" class=\"wp-image-94\" srcset=\"https:\/\/www.privatkollar.sk\/wp-content\/uploads\/2022\/10\/kollar_kuchyna_1-1024x768.jpg 1024w, https:\/\/www.privatkollar.sk\/wp-content\/uploads\/2022\/10\/kollar_kuchyna_1-300x225.jpg 300w, https:\/\/www.privatkollar.sk\/wp-content\/uploads\/2022\/10\/kollar_kuchyna_1-768x576.jpg 768w, https:\/\/www.privatkollar.sk\/wp-content\/uploads\/2022\/10\/kollar_kuchyna_1-1536x1152.jpg 1536w, https:\/\/www.privatkollar.sk\/wp-content\/uploads\/2022\/10\/kollar_kuchyna_1-2048x1536.jpg 2048w\" sizes=\"(max-width: 1024px) 100vw, 1024px\" \/><\/figure>\n<\/div>\n<\/div>\n\n\n\n<h3>Okolie<\/h3>\n\n\n\n<div class=\"wp-container-21 wp-block-columns\">\n<div class=\"wp-container-19 wp-block-column\">\n<figure class=\"wp-block-image size-large\"><img loading=\"lazy\" width=\"1024\" height=\"768\" src=\"https:\/\/www.privatkollar.sk\/wp-content\/uploads\/2022\/10\/kollar_tatry_1-1024x768.jpg\" alt=\"\" class=\"wp-image-81\" srcset=\"https:\/\/www.privatkollar.sk\/wp-content\/uploads\/2022\/10\/kollar_tatry_1-1024x768.jpg 1024w, https:\/\/www.privatkollar.sk\/wp-content\/uploads\/2022\/10\/kollar_tatry_1-300x225.jpg 300w, https:\/\/www.privatkollar.sk\/wp-content\/uploads\/2022\/10\/kollar_tatry_1-768x576.jpg 768w, https:\/\/www.privatkollar.sk\/wp-content\/uploads\/2022\/10\/kollar_tatry_1-1536x1152.jpg 1536w, https:\/\/www.privatkollar.sk\/wp-content\/uploads\/2022\/10\/kollar_tatry_1.jpg 1844w\" sizes=\"(max-width: 1024px) 100vw, 1024px\" \/><\/figure>\n<\/div>\n\n\n\n<div class=\"wp-container-20 wp-block-column\"><\/div>\n<\/div>\n","protected":false},"excerpt":{"rendered":"<p>Exteri\u00e9r Izby Spolo\u010densk\u00e1 miestnos\u0165 a kuchy\u0148a Okolie<\/p>\n","protected":false},"author":1,"featured_media":0,"parent":0,"menu_order":0,"comment_status":"closed","ping_status":"closed","template":"","meta":{"_monsterinsights_skip_tracking":false,"_monsterinsights_sitenote_active":false,"_monsterinsights_sitenote_note":"","_monsterinsights_sitenote_category":0},"yoast_head":"<!-- This site is optimized with the Yoast SEO plugin v19.6 - https:\/\/yoast.com\/wordpress\/plugins\/seo\/ -->\n<title>Fotky - Privat Kollar<\/title>\n<meta name=\"description\" content=\"Fotky priv\u00e1tu Kollar\" \/>\n<meta name=\"robots\" content=\"index, follow, max-snippet:-1, max-image-preview:large, max-video-preview:-1\" \/>\n<link rel=\"canonical\" href=\"https:\/\/www.privatkollar.sk\/?page_id=74\" \/>\n<meta property=\"og:locale\" content=\"sk_SK\" \/>\n<meta property=\"og:type\" content=\"article\" \/>\n<meta property=\"og:title\" content=\"Fotky - Privat Kollar\" \/>\n<meta property=\"og:description\" content=\"Fotky priv\u00e1tu Kollar\" \/>\n<meta property=\"og:url\" content=\"https:\/\/www.privatkollar.sk\/?page_id=74\" \/>\n<meta property=\"og:site_name\" content=\"Privat Kollar\" \/>\n<meta property=\"article:modified_time\" content=\"2022-10-28T19:11:24+00:00\" \/>\n<meta property=\"og:image\" content=\"https:\/\/www.privatkollar.sk\/wp-content\/uploads\/2022\/10\/kollar_vonku_1-1024x768.jpg\" \/>\n<meta name=\"twitter:card\" content=\"summary_large_image\" \/>\n<meta name=\"twitter:label1\" content=\"Predpokladan\u00fd \u010das \u010d\u00edtania\" \/>\n\t<meta name=\"twitter:data1\" content=\"3 min\u00faty\" \/>\n<script type=\"application\/ld+json\" class=\"yoast-schema-graph\">{\"@context\":\"https:\/\/schema.org\",\"@graph\":[{\"@type\":\"WebPage\",\"@id\":\"https:\/\/www.privatkollar.sk\/?page_id=74\",\"url\":\"https:\/\/www.privatkollar.sk\/?page_id=74\",\"name\":\"Fotky - Privat Kollar\",\"isPartOf\":{\"@id\":\"https:\/\/www.privatkollar.sk\/#website\"},\"datePublished\":\"2022-10-28T18:52:25+00:00\",\"dateModified\":\"2022-10-28T19:11:24+00:00\",\"description\":\"Fotky priv\u00e1tu Kollar\",\"breadcrumb\":{\"@id\":\"https:\/\/www.privatkollar.sk\/?page_id=74#breadcrumb\"},\"inLanguage\":\"sk-SK\",\"potentialAction\":[{\"@type\":\"ReadAction\",\"target\":[\"https:\/\/www.privatkollar.sk\/?page_id=74\"]}]},{\"@type\":\"BreadcrumbList\",\"@id\":\"https:\/\/www.privatkollar.sk\/?page_id=74#breadcrumb\",\"itemListElement\":[{\"@type\":\"ListItem\",\"position\":1,\"name\":\"Home\",\"item\":\"https:\/\/www.privatkollar.sk\/\"},{\"@type\":\"ListItem\",\"position\":2,\"name\":\"Fotky\"}]},{\"@type\":\"WebSite\",\"@id\":\"https:\/\/www.privatkollar.sk\/#website\",\"url\":\"https:\/\/www.privatkollar.sk\/\",\"name\":\"Privat Kollar\",\"description\":\"\",\"potentialAction\":[{\"@type\":\"SearchAction\",\"target\":{\"@type\":\"EntryPoint\",\"urlTemplate\":\"https:\/\/www.privatkollar.sk\/?s={search_term_string}\"},\"query-input\":\"required name=search_term_string\"}],\"inLanguage\":\"sk-SK\"}]}<\/script>\n<!-- \/ Yoast SEO plugin. -->","yoast_head_json":{"title":"Fotky - Privat Kollar","description":"Fotky priv\u00e1tu Kollar","robots":{"index":"index","follow":"follow","max-snippet":"max-snippet:-1","max-image-preview":"max-image-preview:large","max-video-preview":"max-video-preview:-1"},"canonical":"https:\/\/www.privatkollar.sk\/?page_id=74","og_locale":"sk_SK","og_type":"article","og_title":"Fotky - Privat Kollar","og_description":"Fotky priv\u00e1tu Kollar","og_url":"https:\/\/www.privatkollar.sk\/?page_id=74","og_site_name":"Privat Kollar","article_modified_time":"2022-10-28T19:11:24+00:00","og_image":[{"url":"https:\/\/www.privatkollar.sk\/wp-content\/uploads\/2022\/10\/kollar_vonku_1-1024x768.jpg"}],"twitter_card":"summary_large_image","twitter_misc":{"Predpokladan\u00fd \u010das \u010d\u00edtania":"3 min\u00faty"},"schema":{"@context":"https:\/\/schema.org","@graph":[{"@type":"WebPage","@id":"https:\/\/www.privatkollar.sk\/?page_id=74","url":"https:\/\/www.privatkollar.sk\/?page_id=74","name":"Fotky - Privat Kollar","isPartOf":{"@id":"https:\/\/www.privatkollar.sk\/#website"},"datePublished":"2022-10-28T18:52:25+00:00","dateModified":"2022-10-28T19:11:24+00:00","description":"Fotky priv\u00e1tu Kollar","breadcrumb":{"@id":"https:\/\/www.privatkollar.sk\/?page_id=74#breadcrumb"},"inLanguage":"sk-SK","potentialAction":[{"@type":"ReadAction","target":["https:\/\/www.privatkollar.sk\/?page_id=74"]}]},{"@type":"BreadcrumbList","@id":"https:\/\/www.privatkollar.sk\/?page_id=74#breadcrumb","itemListElement":[{"@type":"ListItem","position":1,"name":"Home","item":"https:\/\/www.privatkollar.sk\/"},{"@type":"ListItem","position":2,"name":"Fotky"}]},{"@type":"WebSite","@id":"https:\/\/www.privatkollar.sk\/#website","url":"https:\/\/www.privatkollar.sk\/","name":"Privat Kollar","description":"","potentialAction":[{"@type":"SearchAction","target":{"@type":"EntryPoint","urlTemplate":"https:\/\/www.privatkollar.sk\/?s={search_term_string}"},"query-input":"required name=search_term_string"}],"inLanguage":"sk-SK"}]}},"_links":{"self":[{"href":"https:\/\/www.privatkollar.sk\/index.php?rest_route=\/wp\/v2\/pages\/74"}],"collection":[{"href":"https:\/\/www.privatkollar.sk\/index.php?rest_route=\/wp\/v2\/pages"}],"about":[{"href":"https:\/\/www.privatkollar.sk\/index.php?rest_route=\/wp\/v2\/types\/page"}],"author":[{"embeddable":true,"href":"https:\/\/www.privatkollar.sk\/index.php?rest_route=\/wp\/v2\/users\/1"}],"replies":[{"embeddable":true,"href":"https:\/\/www.privatkollar.sk\/index.php?rest_route=%2Fwp%2Fv2%2Fcomments&post=74"}],"version-history":[{"count":5,"href":"https:\/\/www.privatkollar.sk\/index.php?rest_route=\/wp\/v2\/pages\/74\/revisions"}],"predecessor-version":[{"id":98,"href":"https:\/\/www.privatkollar.sk\/index.php?rest_route=\/wp\/v2\/pages\/74\/revisions\/98"}],"wp:attachment":[{"href":"https:\/\/www.privatkollar.sk\/index.php?rest_route=%2Fwp%2Fv2%2Fmedia&parent=74"}],"curies":[{"name":"wp","href":"https:\/\/api.w.org\/{rel}","templated":true}]}}