{"id":17,"date":"2022-08-28T12:17:21","date_gmt":"2022-08-28T12:17:21","guid":{"rendered":"https:\/\/www.privatkollar.sk\/?page_id=17"},"modified":"2022-08-28T17:37:05","modified_gmt":"2022-08-28T17:37:05","slug":"kontakt","status":"publish","type":"page","link":"https:\/\/www.privatkollar.sk\/?page_id=17","title":{"rendered":"Kontakt"},"content":{"rendered":"\n<p>\u013dubom\u00edr Koll\u00e1r<\/p>\n\n\n\n<p>Lipov\u00e1 90<br>059 86 Nov\u00e1 Lesn\u00e1<\/p>\n\n\n\n<p>+421 904 532 196<\/p>\n\n\n\n<p>+421 907 874 257<\/p>\n\n\n\n<p>info@privatkollar.sk <\/p>\n\n\n\n <p style=\"text-align: center;\">\n    <iframe loading=\"lazy\" width=\"95%\" height=\"350\" frameborder=\"0\" scrolling=\"no\" marginheight=\"0\" marginwidth=\"0\" src=\"https:\/\/maps.google.com\/maps\/ms?ll=49.138597,20.260162&amp;spn=0.76817,2.113495&amp;t=m&amp;z=10&amp;msa=0&amp;msid=207390354477555012467.0004c10679961ddb37926&#038;output=embed\"><\/iframe><br \/><small>Show <a href=\"https:\/\/maps.google.com\/maps\/ms?ll=49.138597,20.260162&amp;spn=0.76817,2.113495&amp;t=m&amp;z=10&amp;msa=0&amp;msid=207390354477555012467.0004c10679961ddb37926&amp;source=embed\" style=\"color:#0000FF;text-align:left\">Priv\u00e1t Koll\u00e1r<\/a> on bigger map<\/small>\n  <\/p>\n \n","protected":false},"excerpt":{"rendered":"<p>\u013dubom\u00edr Koll\u00e1r Lipov\u00e1 90059 86 Nov\u00e1 Lesn\u00e1 +421 904 532 196 +421 907 874 257 info@privatkollar.sk Show Priv\u00e1t Koll\u00e1r on bigger map<\/p>\n","protected":false},"author":1,"featured_media":0,"parent":0,"menu_order":0,"comment_status":"closed","ping_status":"closed","template":"","meta":{"_monsterinsights_skip_tracking":false,"_monsterinsights_sitenote_active":false,"_monsterinsights_sitenote_note":"","_monsterinsights_sitenote_category":0},"yoast_head":"<!-- This site is optimized with the Yoast SEO plugin v19.6 - https:\/\/yoast.com\/wordpress\/plugins\/seo\/ -->\n<title>Kontakt - Privat Kollar<\/title>\n<meta name=\"robots\" content=\"index, follow, max-snippet:-1, max-image-preview:large, max-video-preview:-1\" \/>\n<link rel=\"canonical\" href=\"https:\/\/www.privatkollar.sk\/?page_id=17\" \/>\n<meta property=\"og:locale\" content=\"sk_SK\" \/>\n<meta property=\"og:type\" content=\"article\" \/>\n<meta property=\"og:title\" content=\"Kontakt - Privat Kollar\" \/>\n<meta property=\"og:description\" content=\"\u013dubom\u00edr Koll\u00e1r Lipov\u00e1 90059 86 Nov\u00e1 Lesn\u00e1 +421 904 532 196 +421 907 874 257 info@privatkollar.sk Show Priv\u00e1t Koll\u00e1r on bigger map\" \/>\n<meta property=\"og:url\" content=\"https:\/\/www.privatkollar.sk\/?page_id=17\" \/>\n<meta property=\"og:site_name\" content=\"Privat Kollar\" \/>\n<meta property=\"article:modified_time\" content=\"2022-08-28T17:37:05+00:00\" \/>\n<meta name=\"twitter:card\" content=\"summary_large_image\" \/>\n<meta name=\"twitter:label1\" content=\"Predpokladan\u00fd \u010das \u010d\u00edtania\" \/>\n\t<meta name=\"twitter:data1\" content=\"1 min\u00fata\" \/>\n<script type=\"application\/ld+json\" class=\"yoast-schema-graph\">{\"@context\":\"https:\/\/schema.org\",\"@graph\":[{\"@type\":\"WebPage\",\"@id\":\"https:\/\/www.privatkollar.sk\/?page_id=17\",\"url\":\"https:\/\/www.privatkollar.sk\/?page_id=17\",\"name\":\"Kontakt - Privat Kollar\",\"isPartOf\":{\"@id\":\"https:\/\/www.privatkollar.sk\/#website\"},\"datePublished\":\"2022-08-28T12:17:21+00:00\",\"dateModified\":\"2022-08-28T17:37:05+00:00\",\"breadcrumb\":{\"@id\":\"https:\/\/www.privatkollar.sk\/?page_id=17#breadcrumb\"},\"inLanguage\":\"sk-SK\",\"potentialAction\":[{\"@type\":\"ReadAction\",\"target\":[\"https:\/\/www.privatkollar.sk\/?page_id=17\"]}]},{\"@type\":\"BreadcrumbList\",\"@id\":\"https:\/\/www.privatkollar.sk\/?page_id=17#breadcrumb\",\"itemListElement\":[{\"@type\":\"ListItem\",\"position\":1,\"name\":\"Home\",\"item\":\"https:\/\/www.privatkollar.sk\/\"},{\"@type\":\"ListItem\",\"position\":2,\"name\":\"Kontakt\"}]},{\"@type\":\"WebSite\",\"@id\":\"https:\/\/www.privatkollar.sk\/#website\",\"url\":\"https:\/\/www.privatkollar.sk\/\",\"name\":\"Privat Kollar\",\"description\":\"\",\"potentialAction\":[{\"@type\":\"SearchAction\",\"target\":{\"@type\":\"EntryPoint\",\"urlTemplate\":\"https:\/\/www.privatkollar.sk\/?s={search_term_string}\"},\"query-input\":\"required name=search_term_string\"}],\"inLanguage\":\"sk-SK\"}]}<\/script>\n<!-- \/ Yoast SEO plugin. -->","yoast_head_json":{"title":"Kontakt - Privat Kollar","robots":{"index":"index","follow":"follow","max-snippet":"max-snippet:-1","max-image-preview":"max-image-preview:large","max-video-preview":"max-video-preview:-1"},"canonical":"https:\/\/www.privatkollar.sk\/?page_id=17","og_locale":"sk_SK","og_type":"article","og_title":"Kontakt - Privat Kollar","og_description":"\u013dubom\u00edr Koll\u00e1r Lipov\u00e1 90059 86 Nov\u00e1 Lesn\u00e1 +421 904 532 196 +421 907 874 257 info@privatkollar.sk Show Priv\u00e1t Koll\u00e1r on bigger map","og_url":"https:\/\/www.privatkollar.sk\/?page_id=17","og_site_name":"Privat Kollar","article_modified_time":"2022-08-28T17:37:05+00:00","twitter_card":"summary_large_image","twitter_misc":{"Predpokladan\u00fd \u010das \u010d\u00edtania":"1 min\u00fata"},"schema":{"@context":"https:\/\/schema.org","@graph":[{"@type":"WebPage","@id":"https:\/\/www.privatkollar.sk\/?page_id=17","url":"https:\/\/www.privatkollar.sk\/?page_id=17","name":"Kontakt - Privat Kollar","isPartOf":{"@id":"https:\/\/www.privatkollar.sk\/#website"},"datePublished":"2022-08-28T12:17:21+00:00","dateModified":"2022-08-28T17:37:05+00:00","breadcrumb":{"@id":"https:\/\/www.privatkollar.sk\/?page_id=17#breadcrumb"},"inLanguage":"sk-SK","potentialAction":[{"@type":"ReadAction","target":["https:\/\/www.privatkollar.sk\/?page_id=17"]}]},{"@type":"BreadcrumbList","@id":"https:\/\/www.privatkollar.sk\/?page_id=17#breadcrumb","itemListElement":[{"@type":"ListItem","position":1,"name":"Home","item":"https:\/\/www.privatkollar.sk\/"},{"@type":"ListItem","position":2,"name":"Kontakt"}]},{"@type":"WebSite","@id":"https:\/\/www.privatkollar.sk\/#website","url":"https:\/\/www.privatkollar.sk\/","name":"Privat Kollar","description":"","potentialAction":[{"@type":"SearchAction","target":{"@type":"EntryPoint","urlTemplate":"https:\/\/www.privatkollar.sk\/?s={search_term_string}"},"query-input":"required name=search_term_string"}],"inLanguage":"sk-SK"}]}},"_links":{"self":[{"href":"https:\/\/www.privatkollar.sk\/index.php?rest_route=\/wp\/v2\/pages\/17"}],"collection":[{"href":"https:\/\/www.privatkollar.sk\/index.php?rest_route=\/wp\/v2\/pages"}],"about":[{"href":"https:\/\/www.privatkollar.sk\/index.php?rest_route=\/wp\/v2\/types\/page"}],"author":[{"embeddable":true,"href":"https:\/\/www.privatkollar.sk\/index.php?rest_route=\/wp\/v2\/users\/1"}],"replies":[{"embeddable":true,"href":"https:\/\/www.privatkollar.sk\/index.php?rest_route=%2Fwp%2Fv2%2Fcomments&post=17"}],"version-history":[{"count":5,"href":"https:\/\/www.privatkollar.sk\/index.php?rest_route=\/wp\/v2\/pages\/17\/revisions"}],"predecessor-version":[{"id":67,"href":"https:\/\/www.privatkollar.sk\/index.php?rest_route=\/wp\/v2\/pages\/17\/revisions\/67"}],"wp:attachment":[{"href":"https:\/\/www.privatkollar.sk\/index.php?rest_route=%2Fwp%2Fv2%2Fmedia&parent=17"}],"curies":[{"name":"wp","href":"https:\/\/api.w.org\/{rel}","templated":true}]}}